{"id":95,"date":"2017-12-22T12:50:23","date_gmt":"2017-12-22T12:50:23","guid":{"rendered":"http:\/\/kempingprzymorzu.eu\/?page_id=95"},"modified":"2022-06-29T07:48:23","modified_gmt":"2022-06-29T05:48:23","slug":"amenities","status":"publish","type":"page","link":"https:\/\/kempingprzymorzu.eu\/index.php\/amenities\/","title":{"rendered":"Udogodnienia"},"content":{"rendered":"<p>[vc_row][vc_column icons_position=&#8221;left&#8221;]<div id=\"sc_title_2039508458\"\n\t\tclass=\"sc_title color_style_default sc_title_default\"><h2 class=\"sc_item_title sc_title_title sc_align_center sc_item_title_style_default\">Nasze udogodnienia<\/h2><h6 class=\"sc_item_subtitle sc_title_subtitle sc_align_center sc_item_title_style_default\">Specjalnie dla Was<\/h6><\/div><!-- \/.sc_title -->[vc_empty_space height=&#8221;4vw&#8221; alter_height=&#8221;none&#8221; hide_on_desktop=&#8221;&#8221; hide_on_notebook=&#8221;&#8221; hide_on_tablet=&#8221;&#8221; hide_on_mobile=&#8221;&#8221;]<div id=\"sc_icons_694221791\" \n\tclass=\"sc_icons sc_icons_modern sc_icons_size_medium sc_align_center\"><div class=\"sc_icons_columns_wrap sc_item_columns trx_addons_columns_wrap columns_padding_bottom\"><div class=\"trx_addons_column-1_3\"><div class=\"sc_icons_item\"><div id=\"sc_icons_694221791_icon-009_fire\" class=\"sc_icons_icon sc_icon_type_ icon-009_fire\"\n\t\t\t\t\t\t style=\"color: #f2682a\"\t\t\t\t\t\t><span class=\"sc_icon_type_ icon-009_fire\" style=\"color: #f2682a\"><\/span><\/div><h4 class=\"sc_icons_item_title\"><span>Altanka i grill<\/span><\/h4><\/div><\/div><div class=\"trx_addons_column-1_3\"><div class=\"sc_icons_item\"><div id=\"sc_icons_694221791_icon-sliders\" class=\"sc_icons_icon sc_icon_type_ icon-sliders\"\n\t\t\t\t\t\t style=\"color: #f2682a\"\t\t\t\t\t\t><span class=\"sc_icon_type_ icon-sliders\" style=\"color: #f2682a\"><\/span><\/div><h4 class=\"sc_icons_item_title\"><span>Przy\u0142\u0105cza techniczne<\/span><\/h4><\/div><\/div><div class=\"trx_addons_column-1_3\"><div class=\"sc_icons_item\"><div id=\"sc_icons_694221791_icon-026_food\" class=\"sc_icons_icon sc_icon_type_ icon-026_food\"\n\t\t\t\t\t\t style=\"color: #f2682a\"\t\t\t\t\t\t><span class=\"sc_icon_type_ icon-026_food\" style=\"color: #f2682a\"><\/span><\/div><h4 class=\"sc_icons_item_title\"><span>Aneks kuchenny<\/span><\/h4><\/div><\/div><\/div><\/div><!-- \/.sc_icons -->[vc_empty_space height=&#8221;2vw&#8221; alter_height=&#8221;none&#8221; hide_on_desktop=&#8221;&#8221; hide_on_notebook=&#8221;&#8221; hide_on_tablet=&#8221;&#8221; hide_on_mobile=&#8221;&#8221;]<div id=\"sc_icons_1502787337\" \n\tclass=\"sc_icons sc_icons_modern sc_icons_size_medium sc_align_center\"><div class=\"sc_icons_columns_wrap sc_item_columns trx_addons_columns_wrap columns_padding_bottom\"><div class=\"trx_addons_column-1_3\"><div class=\"sc_icons_item\"><div id=\"sc_icons_1502787337_icon-wireless\" class=\"sc_icons_icon sc_icon_type_ icon-wireless\"\n\t\t\t\t\t\t style=\"color: #f2682a\"\t\t\t\t\t\t><span class=\"sc_icon_type_ icon-wireless\" style=\"color: #f2682a\"><\/span><\/div><h4 class=\"sc_icons_item_title\"><span>Bezp\u0142atne Wi-Fi<\/span><\/h4><\/div><\/div><div class=\"trx_addons_column-1_3\"><div class=\"sc_icons_item\"><div id=\"sc_icons_1502787337_icon-sack-race\" class=\"sc_icons_icon sc_icon_type_ icon-sack-race\"\n\t\t\t\t\t\t style=\"color: #f2682a\"\t\t\t\t\t\t><span class=\"sc_icon_type_ icon-sack-race\" style=\"color: #f2682a\"><\/span><\/div><h4 class=\"sc_icons_item_title\"><span>Plac zabaw<\/span><\/h4><\/div><\/div><div class=\"trx_addons_column-1_3\"><div class=\"sc_icons_item\"><div id=\"sc_icons_1502787337_icon-bicycle\" class=\"sc_icons_icon sc_icon_type_ icon-bicycle\"\n\t\t\t\t\t\t style=\"color: #f2682a\"\t\t\t\t\t\t><span class=\"sc_icon_type_ icon-bicycle\" style=\"color: #f2682a\"><\/span><\/div><h4 class=\"sc_icons_item_title\"><span>Wypo\u017cyczalnia rower\u00f3w<\/span><\/h4><\/div><\/div><\/div><\/div><!-- \/.sc_icons -->[vc_empty_space height=&#8221;5.2vw&#8221; alter_height=&#8221;none&#8221; hide_on_desktop=&#8221;&#8221; hide_on_notebook=&#8221;&#8221; hide_on_tablet=&#8221;&#8221; hide_on_mobile=&#8221;&#8221;][\/vc_column][\/vc_row][vc_row full_width=&#8221;stretch_row&#8221; hide_bg_image_on_tablet=&#8221;&#8221; hide_bg_image_on_mobile=&#8221;&#8221; css=&#8221;.vc_custom_1526732383833{margin-bottom: -1px !important;background-image: url(https:\/\/kempingprzymorzu.eu\/wp-content\/uploads\/2018\/04\/bg-footer.png?id=558) !important;background-position: top center !important;background-repeat: no-repeat !important;background-size: cover !important;}&#8221;][vc_column hide_bg_image_on_tablet=&#8221;&#8221; hide_bg_image_on_mobile=&#8221;&#8221; icons_position=&#8221;left&#8221; css=&#8221;.vc_custom_1524663957365{background-size: cover !important;}&#8221;][vc_empty_space height=&#8221;7.5vw&#8221; alter_height=&#8221;none&#8221; hide_on_desktop=&#8221;&#8221; hide_on_notebook=&#8221;&#8221; hide_on_tablet=&#8221;&#8221; hide_on_mobile=&#8221;&#8221;][\/vc_column][\/vc_row][vc_row full_width=&#8221;stretch_row_content_no_spaces&#8221; hide_bg_image_on_tablet=&#8221;&#8221; hide_bg_image_on_mobile=&#8221;&#8221; css=&#8221;.vc_custom_1526732434775{background-color: #efeeea !important;}&#8221;][vc_column icons_position=&#8221;left&#8221;]<div  id=\"sc_testimonials_986389276\"\t\tclass=\"sc_testimonials color_style_default sc_testimonials_default\"><h2 class=\"sc_item_title sc_testimonials_title sc_align_center sc_item_title_style_default\">Opinie naszych Klient\u00f3w<\/h2><h6 class=\"sc_item_subtitle sc_testimonials_subtitle sc_align_center sc_item_title_style_default\">wszystkie s\u0105 wa\u017cne!<\/h6><div class=\"sc_testimonials_columns_wrap sc_item_columns trx_addons_columns_wrap columns_padding_bottom\"><div class=\"trx_addons_column-1_3\"><div class=\"sc_testimonials_item\">\n            <div class=\"sc_testimonials_item_author\">\n            <div class=\"sc_testimonials_item_author_avatar\"><img loading=\"lazy\" decoding=\"async\" width=\"120\" height=\"120\" src=\"https:\/\/kempingprzymorzu.eu\/wp-content\/uploads\/2017\/12\/google-maps-logo-1-120x120.png\" class=\"attachment-the_mounty-thumb-tiny size-the_mounty-thumb-tiny wp-post-image\" alt=\"Veronika Zahradn\u00edkov\u00e1\" srcset=\"https:\/\/kempingprzymorzu.eu\/wp-content\/uploads\/2017\/12\/google-maps-logo-1-120x120.png 120w, https:\/\/kempingprzymorzu.eu\/wp-content\/uploads\/2017\/12\/google-maps-logo-1-150x150.png 150w, https:\/\/kempingprzymorzu.eu\/wp-content\/uploads\/2017\/12\/google-maps-logo-1-370x370.png 370w\" sizes=\"auto, (max-width: 120px) 100vw, 120px\" \/><\/div>\n        <\/div>\n        <div class=\"sc_testimonials_item_content\"><div class=\"ODSEW-ShBeI-ShBeI-content\"><span class=\"ODSEW-ShBeI-text\">Pi\u0119kny kemping, blisko morza. Przyjazny personel. Sanitariaty czyste, dzi\u0119ki za sprz\u0105taczk\u0119. Polecam! \ud83d\ude42<\/span><\/div>\n<\/div>\n    <div class=\"sc_testimonials_item_author_data\">\n        <h4 class=\"sc_testimonials_item_author_title\">Veronika Zahradn\u00edkov\u00e1<\/h4>\n        <div class=\"sc_testimonials_item_author_subtitle\">2 lata temu<\/div>\n    <\/div>\n<\/div>\n<\/div><div class=\"trx_addons_column-1_3\"><div class=\"sc_testimonials_item\">\n            <div class=\"sc_testimonials_item_author\">\n            <div class=\"sc_testimonials_item_author_avatar\"><img loading=\"lazy\" decoding=\"async\" width=\"120\" height=\"120\" src=\"https:\/\/kempingprzymorzu.eu\/wp-content\/uploads\/2017\/12\/google-maps-logo-1-1-120x120.png\" class=\"attachment-the_mounty-thumb-tiny size-the_mounty-thumb-tiny wp-post-image\" alt=\"Beata\" srcset=\"https:\/\/kempingprzymorzu.eu\/wp-content\/uploads\/2017\/12\/google-maps-logo-1-1-120x120.png 120w, https:\/\/kempingprzymorzu.eu\/wp-content\/uploads\/2017\/12\/google-maps-logo-1-1-150x150.png 150w, https:\/\/kempingprzymorzu.eu\/wp-content\/uploads\/2017\/12\/google-maps-logo-1-1-370x370.png 370w\" sizes=\"auto, (max-width: 120px) 100vw, 120px\" \/><\/div>\n        <\/div>\n        <div class=\"sc_testimonials_item_content\"><p>Naprawd\u0119 \u015bwietne miejsce, bardzo blisko morza. Atmosfera jest znajoma, w\u0142a\u015bciciel jest bardzo mi\u0142y i przyjazny. Sanitariaty by\u0142y bardzo czyste i uporz\u0105dkowane. Czujesz si\u0119 tu bardzo bezpiecznie z monitoringiem, a noc\u0105 ze stra\u017cnikiem. Lubimy wraca\u0107. Polecane &#x1f44d;<\/p>\n<\/div>\n    <div class=\"sc_testimonials_item_author_data\">\n        <h4 class=\"sc_testimonials_item_author_title\">Beata<\/h4>\n        <div class=\"sc_testimonials_item_author_subtitle\">2 miesi\u0105ce temu<\/div>\n    <\/div>\n<\/div>\n<\/div><div class=\"trx_addons_column-1_3\"><div class=\"sc_testimonials_item\">\n            <div class=\"sc_testimonials_item_author\">\n            <div class=\"sc_testimonials_item_author_avatar\"><img loading=\"lazy\" decoding=\"async\" width=\"120\" height=\"120\" src=\"https:\/\/kempingprzymorzu.eu\/wp-content\/uploads\/2017\/12\/google-maps-logo-1-2-120x120.png\" class=\"attachment-the_mounty-thumb-tiny size-the_mounty-thumb-tiny wp-post-image\" alt=\"Olaf Seehaus\" srcset=\"https:\/\/kempingprzymorzu.eu\/wp-content\/uploads\/2017\/12\/google-maps-logo-1-2-120x120.png 120w, https:\/\/kempingprzymorzu.eu\/wp-content\/uploads\/2017\/12\/google-maps-logo-1-2-150x150.png 150w, https:\/\/kempingprzymorzu.eu\/wp-content\/uploads\/2017\/12\/google-maps-logo-1-2-370x370.png 370w\" sizes=\"auto, (max-width: 120px) 100vw, 120px\" \/><\/div>\n        <\/div>\n        <div class=\"sc_testimonials_item_content\"><p>Das war mein bester Campingplatz w Polen bisher. Sehr gro\u00dfz\u00fcgig und parzelliert. Extrem nette Betreiber. Die Konversation auf Englisch verlief reibungslos und ohne jegliche Probleme. Vor einem Jahr er\u00f6ffnet und im sehr guten Zustand. Sanit\u00e4ranlagen top, kein Vergleich zu all den anderen Campingpl\u00e4tzen w Polen. Ich w\u00fcrde jederzeit wiederkommen.<\/p>\n<\/div>\n    <div class=\"sc_testimonials_item_author_data\">\n        <h4 class=\"sc_testimonials_item_author_title\">Olaf Seehaus<\/h4>\n        <div class=\"sc_testimonials_item_author_subtitle\">2 miesi\u0105ce temu<\/div>\n    <\/div>\n<\/div>\n<\/div><\/div><\/div><!-- \/.sc_testimonials -->[vc_empty_space height=&#8221;5.2vw&#8221; alter_height=&#8221;none&#8221; hide_on_desktop=&#8221;&#8221; hide_on_notebook=&#8221;&#8221; hide_on_tablet=&#8221;&#8221; hide_on_mobile=&#8221;&#8221;][\/vc_column][\/vc_row][vc_row][vc_column icons_position=&#8221;left&#8221;][rev_slider_vc alias=&#8221;content-1&#8243;][\/vc_column][\/vc_row]<\/p>\n","protected":false},"excerpt":{"rendered":"<p>[vc_row][vc_column icons_position=&#8221;left&#8221;][vc_empty_space height=&#8221;4vw&#8221; alter_height=&#8221;none&#8221; hide_on_desktop=&#8221;&#8221; hide_on_notebook=&#8221;&#8221; hide_on_tablet=&#8221;&#8221; hide_on_mobile=&#8221;&#8221;][vc_empty_space height=&#8221;2vw&#8221; alter_height=&#8221;none&#8221; hide_on_desktop=&#8221;&#8221; hide_on_notebook=&#8221;&#8221; hide_on_tablet=&#8221;&#8221; hide_on_mobile=&#8221;&#8221;][vc_empty_space height=&#8221;5.2vw&#8221; alter_height=&#8221;none&#8221; hide_on_desktop=&#8221;&#8221; hide_on_notebook=&#8221;&#8221; hide_on_tablet=&#8221;&#8221; hide_on_mobile=&#8221;&#8221;][\/vc_column][\/vc_row][vc_row full_width=&#8221;stretch_row&#8221; hide_bg_image_on_tablet=&#8221;&#8221; hide_bg_image_on_mobile=&#8221;&#8221; css=&#8221;.vc_custom_1526732383833{margin-bottom: -1px !important;background-image: url(https:\/\/kempingprzymorzu.eu\/wp-content\/uploads\/2018\/04\/bg-footer.png?id=558) !important;background-position: top center !important;background-repeat: no-repeat !important;background-size: cover !important;}&#8221;][vc_column hide_bg_image_on_tablet=&#8221;&#8221; hide_bg_image_on_mobile=&#8221;&#8221; icons_position=&#8221;left&#8221; css=&#8221;.vc_custom_1524663957365{background-size: cover !important;}&#8221;][vc_empty_space height=&#8221;7.5vw&#8221; alter_height=&#8221;none&#8221; hide_on_desktop=&#8221;&#8221; hide_on_notebook=&#8221;&#8221; hide_on_tablet=&#8221;&#8221; hide_on_mobile=&#8221;&#8221;][\/vc_column][\/vc_row][vc_row full_width=&#8221;stretch_row_content_no_spaces&#8221; hide_bg_image_on_tablet=&#8221;&#8221; hide_bg_image_on_mobile=&#8221;&#8221; css=&#8221;.vc_custom_1526732434775{background-color: #efeeea !important;}&#8221;][vc_column icons_position=&#8221;left&#8221;][vc_empty_space height=&#8221;5.2vw&#8221; alter_height=&#8221;none&#8221; hide_on_desktop=&#8221;&#8221; hide_on_notebook=&#8221;&#8221; hide_on_tablet=&#8221;&#8221; hide_on_mobile=&#8221;&#8221;][\/vc_column][\/vc_row][vc_row][vc_column&hellip;<\/p>\n","protected":false},"author":1,"featured_media":0,"parent":0,"menu_order":0,"comment_status":"closed","ping_status":"closed","template":"","meta":{"footnotes":""},"class_list":["post-95","page","type-page","status-publish","hentry"],"_links":{"self":[{"href":"https:\/\/kempingprzymorzu.eu\/index.php\/wp-json\/wp\/v2\/pages\/95","targetHints":{"allow":["GET"]}}],"collection":[{"href":"https:\/\/kempingprzymorzu.eu\/index.php\/wp-json\/wp\/v2\/pages"}],"about":[{"href":"https:\/\/kempingprzymorzu.eu\/index.php\/wp-json\/wp\/v2\/types\/page"}],"author":[{"embeddable":true,"href":"https:\/\/kempingprzymorzu.eu\/index.php\/wp-json\/wp\/v2\/users\/1"}],"replies":[{"embeddable":true,"href":"https:\/\/kempingprzymorzu.eu\/index.php\/wp-json\/wp\/v2\/comments?post=95"}],"version-history":[{"count":7,"href":"https:\/\/kempingprzymorzu.eu\/index.php\/wp-json\/wp\/v2\/pages\/95\/revisions"}],"predecessor-version":[{"id":1655,"href":"https:\/\/kempingprzymorzu.eu\/index.php\/wp-json\/wp\/v2\/pages\/95\/revisions\/1655"}],"wp:attachment":[{"href":"https:\/\/kempingprzymorzu.eu\/index.php\/wp-json\/wp\/v2\/media?parent=95"}],"curies":[{"name":"wp","href":"https:\/\/api.w.org\/{rel}","templated":true}]}}