{"id":97,"date":"2017-12-22T12:50:44","date_gmt":"2017-12-22T12:50:44","guid":{"rendered":"http:\/\/kempingprzymorzu.eu\/?page_id=97"},"modified":"2024-07-23T21:03:54","modified_gmt":"2024-07-23T19:03:54","slug":"rates","status":"publish","type":"page","link":"https:\/\/kempingprzymorzu.eu\/index.php\/rates\/","title":{"rendered":"Cennik"},"content":{"rendered":"<p>[vc_row][vc_column icons_position=&#8221;left&#8221;][vc_column_text]<\/p>\n<h4 style=\"text-align: center;\">Pole namiotowe<\/h4>\n<p>[\/vc_column_text][\/vc_column][\/vc_row][vc_row][vc_column width=&#8221;1\/2&#8243; icons_position=&#8221;left&#8221;][vc_empty_space height=&#8221;4vw&#8221; alter_height=&#8221;none&#8221; hide_on_desktop=&#8221;&#8221; hide_on_notebook=&#8221;&#8221; hide_on_tablet=&#8221;&#8221; hide_on_mobile=&#8221;&#8221;]<div id=\"sc_table_855105715_wrap\" class=\"sc_table_wrap\"><div id=\"sc_table_855105715\"\n\t\t\tclass=\"sc_table sc_table_default trx_addons_inline_906360493\">[vc_column_text]<\/p>\n<table>\n<tbody>\n<tr>\n<th width=\"55%\">Op\u0142aty za osob\u0119<\/th>\n<th>maj \/ czerwiec<\/th>\n<th>lipiec \/ sierpie\u0144<\/th>\n<\/tr>\n<tr>\n<td>Osoba doros\u0142a<\/td>\n<td>35 z\u0142<\/td>\n<td>35 z\u0142<\/td>\n<\/tr>\n<tr>\n<td>Dziecko powy\u017cej 4. roku \u017cycia<\/td>\n<td>25 z\u0142<\/td>\n<td>25 z\u0142<\/td>\n<\/tr>\n<\/tbody>\n<\/table>\n<p>[\/vc_column_text]<\/div><\/div><!-- \/.sc_table_wrap --><div id=\"sc_table_985502997_wrap\" class=\"sc_table_wrap\"><div id=\"sc_table_985502997\"\n\t\t\tclass=\"sc_table sc_table_default trx_addons_inline_566505252\">[vc_column_text]<\/p>\n<table>\n<tbody>\n<tr>\n<th width=\"55%\">Przyczepy\/kampery<\/th>\n<th>maj \/ czerwiec<\/th>\n<th>lipiec \/ sierpie\u0144<\/th>\n<\/tr>\n<tr>\n<td>Przyczepa kempingowa ma\u0142a (do 4m)<\/td>\n<td>35 z\u0142<\/td>\n<td>35 z\u0142<\/td>\n<\/tr>\n<tr>\n<td>Przyczepa kempingowa du\u017ca (powy\u017cej 4m)<\/td>\n<td>40\/45 z\u0142<\/td>\n<td>40\/45 z\u0142<\/td>\n<\/tr>\n<tr>\n<td>Przedsionek ma\u0142y (do 4m)<\/td>\n<td>20 z\u0142<\/td>\n<td>20 z\u0142<\/td>\n<\/tr>\n<tr>\n<td>Przedsionek du\u017cy (powy\u017cej 4m)<\/td>\n<td>25 z\u0142<\/td>\n<td>25 z\u0142<\/td>\n<\/tr>\n<tr>\n<td>Kamper<\/td>\n<td>45\/55 z\u0142<\/td>\n<td>45\/55 z\u0142<\/td>\n<\/tr>\n<tr>\n<td>Przy\u0142\u0105czenie do pr\u0105du (przyczepa\/kamper)<\/td>\n<td>30 z\u0142<\/td>\n<td>30 z\u0142<\/td>\n<\/tr>\n<\/tbody>\n<\/table>\n<p>[\/vc_column_text]<\/div><\/div><!-- \/.sc_table_wrap -->[vc_empty_space height=&#8221;4vw&#8221; alter_height=&#8221;none&#8221; hide_on_desktop=&#8221;&#8221; hide_on_notebook=&#8221;&#8221; hide_on_tablet=&#8221;&#8221; hide_on_mobile=&#8221;&#8221;][\/vc_column][vc_column width=&#8221;1\/2&#8243; icons_position=&#8221;left&#8221;][vc_empty_space height=&#8221;4vw&#8221; alter_height=&#8221;none&#8221; hide_on_desktop=&#8221;&#8221; hide_on_notebook=&#8221;&#8221; hide_on_tablet=&#8221;&#8221; hide_on_mobile=&#8221;&#8221;]<div id=\"sc_table_670656779_wrap\" class=\"sc_table_wrap\"><div id=\"sc_table_670656779\"\n\t\t\tclass=\"sc_table sc_table_default trx_addons_inline_484671171\">[vc_column_text]<\/p>\n<table>\n<tbody>\n<tr>\n<th width=\"55%\">Namioty<\/th>\n<th>maj \/ czerwiec<\/th>\n<th>lipiec \/ sierpie\u0144<\/th>\n<\/tr>\n<tr>\n<td>Namiot ma\u0142y (2 osobowy)<\/td>\n<td>20 z\u0142<\/td>\n<td>20 z\u0142<\/td>\n<\/tr>\n<tr>\n<td>Namiot \u015bredni (3-4 osobowy)<\/td>\n<td>25 z\u0142<\/td>\n<td>25 z\u0142<\/td>\n<\/tr>\n<tr>\n<td>Namiot du\u017cy (powy\u017cej 4 os\u00f3b)<\/td>\n<td>40 z\u0142<\/td>\n<td>40 z\u0142<\/td>\n<\/tr>\n<tr>\n<td>Przy\u0142\u0105czenie do pr\u0105du (namiot)<\/td>\n<td>25\/30 z\u0142<\/td>\n<td>25\/30 z\u0142<\/td>\n<\/tr>\n<\/tbody>\n<\/table>\n<p>[\/vc_column_text]<\/div><\/div><!-- \/.sc_table_wrap --><div id=\"sc_table_168448752_wrap\" class=\"sc_table_wrap\"><div id=\"sc_table_168448752\"\n\t\t\tclass=\"sc_table sc_table_default first-cols-left trx_addons_inline_290663135\">[vc_column_text]<\/p>\n<table>\n<tbody>\n<tr>\n<th width=\"55%\">Inne<\/th>\n<th><\/th>\n<\/tr>\n<tr>\n<td>Parkowanie samochodu osobowego<\/td>\n<td>20 z\u0142<\/td>\n<\/tr>\n<tr>\n<td>Parkowanie samochodu (bus)<\/td>\n<td>35 z\u0142<\/td>\n<\/tr>\n<tr>\n<td>Parkowanie motocykla<\/td>\n<td>15 z\u0142<\/td>\n<\/tr>\n<tr>\n<td>Dop\u0142ata za pobyt z psem<\/td>\n<td>15\/20 z\u0142<\/td>\n<\/tr>\n<\/tbody>\n<\/table>\n<p>[\/vc_column_text]<\/div><\/div><!-- \/.sc_table_wrap -->[vc_empty_space height=&#8221;4vw&#8221; alter_height=&#8221;none&#8221; hide_on_desktop=&#8221;&#8221; hide_on_notebook=&#8221;&#8221; hide_on_tablet=&#8221;&#8221; hide_on_mobile=&#8221;&#8221;][\/vc_column][\/vc_row][vc_row][vc_column icons_position=&#8221;left&#8221;][vc_column_text]<\/p>\n<p>Op\u0142ata klimatyczna wliczona jest w cen\u0119 pobytu.<\/p>\n<p>K\u0105piel w natryskach jest bezp\u0142atna.<\/p>\n<p>W przypadku d\u0142u\u017cszych pobyt\u00f3w mo\u017cliwa jest negocjacja ceny.<\/p>\n<h4 style=\"text-align: center;\">Nasza lokalizacja<\/h4>\n<p>[\/vc_column_text][vc_empty_space height=&#8221;30px&#8221; alter_height=&#8221;none&#8221; hide_on_desktop=&#8221;&#8221; hide_on_notebook=&#8221;&#8221; hide_on_tablet=&#8221;&#8221; hide_on_mobile=&#8221;&#8221;]<div id=\"sc_icons_1288282992\" \n\tclass=\"sc_icons sc_icons_modern sc_icons_size_medium sc_align_center\"><div class=\"sc_icons_columns_wrap sc_item_columns trx_addons_columns_wrap columns_padding_bottom\"><div class=\"trx_addons_column-1_4\"><div class=\"sc_icons_item\"><div id=\"sc_icons_1288282992_icon-009_fire\" class=\"sc_icons_icon sc_icon_type_ icon-009_fire\"\n\t\t\t\t\t\t\t\t\t\t\t\t><span class=\"sc_icon_type_ icon-009_fire\"><\/span><\/div><h4 class=\"sc_icons_item_title\"><span>Grill i plac zabaw<\/span><\/h4><div class=\"sc_icons_item_description\"><span>Do dyspozycji go\u015bci pozostawiamy grill i plac zabaw<\/span><\/div><\/div><\/div><div class=\"trx_addons_column-1_4\"><div class=\"sc_icons_item\"><div id=\"sc_icons_1288282992_icon-wireless\" class=\"sc_icons_icon sc_icon_type_ icon-wireless\"\n\t\t\t\t\t\t\t\t\t\t\t\t><span class=\"sc_icon_type_ icon-wireless\"><\/span><\/div><h4 class=\"sc_icons_item_title\"><span>WiFi<\/span><\/h4><div class=\"sc_icons_item_description\"><span>Na terenie ca\u0142ego obiektu dost\u0119pna jest bezp\u0142atna sie\u0107 WiFi<\/span><\/div><\/div><\/div><div class=\"trx_addons_column-1_4\"><div class=\"sc_icons_item\"><div id=\"sc_icons_1288282992_icon-beach\" class=\"sc_icons_icon sc_icon_type_ icon-beach\"\n\t\t\t\t\t\t\t\t\t\t\t\t><span class=\"sc_icon_type_ icon-beach\"><\/span><\/div><h4 class=\"sc_icons_item_title\"><span>Sprz\u0119t pla\u017cowy<\/span><\/h4><div class=\"sc_icons_item_description\"><span>W domkach znajduje si\u0119 sprz\u0119t pla\u017cowy (parawan, parasol, 2 le\u017caki)<\/span><\/div><\/div><\/div><div class=\"trx_addons_column-1_4\"><div class=\"sc_icons_item\"><div id=\"sc_icons_1288282992_icon-map\" class=\"sc_icons_icon sc_icon_type_ icon-map\"\n\t\t\t\t\t\t\t\t\t\t\t\t><span class=\"sc_icon_type_ icon-map\"><\/span><\/div><h4 class=\"sc_icons_item_title\"><span>150 metr\u00f3w do pla\u017cy<\/span><\/h4><div class=\"sc_icons_item_description\"><span>Obiekt usytuowany jest w odleg\u0142o\u015bci 150 metr\u00f3w od pla\u017cy<\/span><\/div><\/div><\/div><\/div><\/div><!-- \/.sc_icons -->[\/vc_column][\/vc_row]<\/p>\n","protected":false},"excerpt":{"rendered":"<p>[vc_row][vc_column icons_position=&#8221;left&#8221;][vc_column_text] Pole namiotowe [\/vc_column_text][\/vc_column][\/vc_row][vc_row][vc_column width=&#8221;1\/2&#8243; icons_position=&#8221;left&#8221;][vc_empty_space height=&#8221;4vw&#8221; alter_height=&#8221;none&#8221; hide_on_desktop=&#8221;&#8221; hide_on_notebook=&#8221;&#8221; hide_on_tablet=&#8221;&#8221; hide_on_mobile=&#8221;&#8221;][vc_empty_space height=&#8221;4vw&#8221; alter_height=&#8221;none&#8221; hide_on_desktop=&#8221;&#8221; hide_on_notebook=&#8221;&#8221; hide_on_tablet=&#8221;&#8221; hide_on_mobile=&#8221;&#8221;][\/vc_column][vc_column width=&#8221;1\/2&#8243; icons_position=&#8221;left&#8221;][vc_empty_space height=&#8221;4vw&#8221; alter_height=&#8221;none&#8221; hide_on_desktop=&#8221;&#8221; hide_on_notebook=&#8221;&#8221; hide_on_tablet=&#8221;&#8221; hide_on_mobile=&#8221;&#8221;][vc_empty_space height=&#8221;4vw&#8221; alter_height=&#8221;none&#8221; hide_on_desktop=&#8221;&#8221; hide_on_notebook=&#8221;&#8221; hide_on_tablet=&#8221;&#8221; hide_on_mobile=&#8221;&#8221;][\/vc_column][\/vc_row][vc_row][vc_column icons_position=&#8221;left&#8221;][vc_column_text] Op\u0142ata klimatyczna wliczona jest w cen\u0119 pobytu. K\u0105piel w natryskach jest bezp\u0142atna. W przypadku d\u0142u\u017cszych pobyt\u00f3w mo\u017cliwa jest negocjacja ceny. Nasza lokalizacja [\/vc_column_text][vc_empty_space height=&#8221;30px&#8221; alter_height=&#8221;none&#8221; hide_on_desktop=&#8221;&#8221;&hellip;<\/p>\n","protected":false},"author":1,"featured_media":0,"parent":0,"menu_order":0,"comment_status":"closed","ping_status":"closed","template":"","meta":{"footnotes":""},"class_list":["post-97","page","type-page","status-publish","hentry"],"_links":{"self":[{"href":"https:\/\/kempingprzymorzu.eu\/index.php\/wp-json\/wp\/v2\/pages\/97","targetHints":{"allow":["GET"]}}],"collection":[{"href":"https:\/\/kempingprzymorzu.eu\/index.php\/wp-json\/wp\/v2\/pages"}],"about":[{"href":"https:\/\/kempingprzymorzu.eu\/index.php\/wp-json\/wp\/v2\/types\/page"}],"author":[{"embeddable":true,"href":"https:\/\/kempingprzymorzu.eu\/index.php\/wp-json\/wp\/v2\/users\/1"}],"replies":[{"embeddable":true,"href":"https:\/\/kempingprzymorzu.eu\/index.php\/wp-json\/wp\/v2\/comments?post=97"}],"version-history":[{"count":24,"href":"https:\/\/kempingprzymorzu.eu\/index.php\/wp-json\/wp\/v2\/pages\/97\/revisions"}],"predecessor-version":[{"id":1685,"href":"https:\/\/kempingprzymorzu.eu\/index.php\/wp-json\/wp\/v2\/pages\/97\/revisions\/1685"}],"wp:attachment":[{"href":"https:\/\/kempingprzymorzu.eu\/index.php\/wp-json\/wp\/v2\/media?parent=97"}],"curies":[{"name":"wp","href":"https:\/\/api.w.org\/{rel}","templated":true}]}}